{"id":10618,"date":"2016-03-26T08:53:10","date_gmt":"2016-03-26T08:53:10","guid":{"rendered":"http:\/\/digitallaw-data.thememountdemo.com\/?page_id=10618"},"modified":"2019-09-20T11:09:15","modified_gmt":"2019-09-20T09:09:15","slug":"attorney-style-4","status":"publish","type":"page","link":"https:\/\/lawprotect.sk\/?page_id=10618","title":{"rendered":"Ob\u010dianske pr\u00e1vo"},"content":{"rendered":"\n<h2>Ob\u010dianske pr\u00e1vo <\/h2>\n\n\n\n<p>Na\u0161a advok\u00e1tska kancel\u00e1ria sa zameriava na oblasti ob\u010diansko pr\u00e1vnych vz\u0165ahov. Jedn\u00e1 sa r\u00f4znorod\u00e9 poskytnutie pr\u00e1vnych slu\u017eieb ako s\u00fa spisovania pr\u00e1vnych \u00fakonov, pr\u00edprava dokumentov a particip\u00e1cia na vz\u00e1jomn\u00fdch rokovaniach za \u00fa\u010delom urovnania sporn\u00fdch ot\u00e1zok. <\/p>\n\n\n\n<p>Na\u0161a advok\u00e1tska kancel\u00e1ria poskytuje pr\u00e1vne slu\u017eby fyzick\u00fdm osob\u00e1m &#8211; spotrebite\u013eov pri dom\u00e1han\u00ed sa pr\u00e1v v s\u00fadnom konan\u00ed. <\/p>\n\n\n\n<p><\/p>\n\n\n\n<div class=\"wp-block-columns has-2-columns\">\n<div class=\"wp-block-column\">\n<p><\/p>\n\n\n\n<p><\/p>\n\n\n\n<p><\/p>\n<\/div>\n\n\n\n<div class=\"wp-block-column\">\n<p><\/p>\n<\/div>\n<\/div>\n","protected":false},"excerpt":{"rendered":"<p>Ob\u010dianske pr\u00e1vo Na\u0161a advok\u00e1tska kancel\u00e1ria sa zameriava na oblasti ob\u010diansko pr\u00e1vnych vz\u0165ahov. Jedn\u00e1 sa r\u00f4znorod\u00e9 poskytnutie pr\u00e1vnych slu\u017eieb ako s\u00fa spisovania pr\u00e1vnych \u00fakonov, pr\u00edprava dokumentov a particip\u00e1cia na vz\u00e1jomn\u00fdch rokovaniach za \u00fa\u010delom urovnania sporn\u00fdch ot\u00e1zok. Na\u0161a advok\u00e1tska kancel\u00e1ria poskytuje pr\u00e1vne slu\u017eby fyzick\u00fdm osob\u00e1m &#8211; spotrebite\u013eov pri dom\u00e1han\u00ed sa pr\u00e1v v s\u00fadnom konan\u00ed.<\/p>\n","protected":false},"author":1,"featured_media":0,"parent":0,"menu_order":19,"comment_status":"closed","ping_status":"closed","template":"","meta":[],"_links":{"self":[{"href":"https:\/\/lawprotect.sk\/index.php?rest_route=\/wp\/v2\/pages\/10618"}],"collection":[{"href":"https:\/\/lawprotect.sk\/index.php?rest_route=\/wp\/v2\/pages"}],"about":[{"href":"https:\/\/lawprotect.sk\/index.php?rest_route=\/wp\/v2\/types\/page"}],"author":[{"embeddable":true,"href":"https:\/\/lawprotect.sk\/index.php?rest_route=\/wp\/v2\/users\/1"}],"replies":[{"embeddable":true,"href":"https:\/\/lawprotect.sk\/index.php?rest_route=%2Fwp%2Fv2%2Fcomments&post=10618"}],"version-history":[{"count":11,"href":"https:\/\/lawprotect.sk\/index.php?rest_route=\/wp\/v2\/pages\/10618\/revisions"}],"predecessor-version":[{"id":12018,"href":"https:\/\/lawprotect.sk\/index.php?rest_route=\/wp\/v2\/pages\/10618\/revisions\/12018"}],"wp:attachment":[{"href":"https:\/\/lawprotect.sk\/index.php?rest_route=%2Fwp%2Fv2%2Fmedia&parent=10618"}],"curies":[{"name":"wp","href":"https:\/\/api.w.org\/{rel}","templated":true}]}}