{"id":144,"date":"2014-07-21T10:58:05","date_gmt":"2014-07-21T10:58:05","guid":{"rendered":"http:\/\/apicona-data.thememount.com\/?page_id=144"},"modified":"2023-02-08T19:53:16","modified_gmt":"2023-02-08T18:53:16","slug":"contact","status":"publish","type":"page","link":"https:\/\/lawprotect.sk\/?page_id=144","title":{"rendered":"Register partnerov verejn\u00e9ho sektora a verejn\u00e9 obstar\u00e1vanie"},"content":{"rendered":"\n<h2>Vypracovanie verifika\u010dn\u00e9ho dokumentu do 24 hod\u00edn<\/h2>\n\n\n\n<p><\/p>\n\n\n\n<p>Na\u0161\u00edm klientom pon\u00fakame v jednoduch\u0161\u00edch pr\u00edpadoch pri identifik\u00e1cii kone\u010dn\u00e9ho u\u017e\u00edvate\u013ea v\u00fdhod vypracovanie verifika\u010dn\u00e9ho dokumentu<strong> do 24 hod\u00edn <\/strong>od doru\u010denia v\u0161etk\u00fdch dokumentov potrebn\u00fdch pre riadne vykonanie identifik\u00e1cie kone\u010dn\u00e9ho u\u017e\u00edvate\u013ea v\u00fdhod. Verifika\u010dn\u00fd dokument predstavuje komplexn\u00fd dokument, ktor\u00fdm opr\u00e1vnen\u00e1 osoba identifikuje kone\u010dn\u00e9ho u\u017e\u00edvate\u013ea v\u00fdhod u partnera verejn\u00e9ho sektora. Identifik\u00e1cia kone\u010dn\u00e9ho u\u017e\u00edvate\u013ea v\u00fdhod sa vyhodnocuje na z\u00e1klade komplexne zmapovanej vlastn\u00edckej a riadiacej \u0161trukt\u00fary partnera verejn\u00e9ho sektora. Poznanie vlastn\u00edckej a riadiacej \u0161trukt\u00fary je k\u013e\u00fa\u010dov\u00fdm prvkom pre riadne identifikovanie kone\u010dn\u00e9ho u\u017e\u00edvate\u013ea v\u00fdhod. <\/p>\n\n\n\n<p><\/p>\n\n\n\n<p>Partnerom verejn\u00e9ho sektora pod\u013ea z\u00e1kona 315\/2016 Z.z. o registri partnerov verejn\u00e9ho sektora je fyzick\u00e1 alebo pr\u00e1vnick\u00e1 osoba ktorej m\u00e1 by\u0165 jednor\u00e1zovo poskytnut\u00e9 plnenie v\u00e4\u010d\u0161ie ako 100 000 \u20ac alebo ktorej maj\u00fa by\u0165 poskytnut\u00e9 \u010diastkov\u00e9 plnenia alebo opakuj\u00face sa plnenia zo zmluvy v \u00fahrnnej v\u00fd\u0161ke presahuj\u00facej 250 000 \u20ac. Z uveden\u00e9ho ustanovenia existuj\u00fa v\u0161ak aj z\u00e1konn\u00e9 v\u00fdnimky pre osoby, ktor\u00fdm t\u00e1to povinnos\u0165 nevznik\u00e1. <\/p>\n\n\n\n<p>Z\u00e1pis do registra partnerov verejn\u00e9ho sektora  je nevyhnutn\u00fd pre podnikate\u013eov obchoduj\u00facich so \u0161t\u00e1tom, preto\u017ee pod\u013ea z\u00e1kona o verejnom obstar\u00e1van\u00ed nem\u00f4\u017ee verejn\u00fd obstar\u00e1vate\u013e uzavrie\u0165 zmluvu, pod\u013ea vy\u0161\u0161ie uveden\u00fdch krit\u00e9ri\u00ed, ak nie je zap\u00edsan\u00fd v registri partnerov verejn\u00e9ho sektora. Z\u00e1rove\u0148 verejn\u00fd obstar\u00e1vate\u013e rovnako m\u00f4\u017ee od zmluvy odst\u00fapi\u0165, ak podnikate\u013e nebol v \u010dase uzavretia zmluvy v tomto registri zap\u00edsan\u00fd.<\/p>\n\n\n\n<p><\/p>\n\n\n\n<p>Pre pr\u00edpady vzniku \u0161kody m\u00e1me uzatvoren\u00fa poistn\u00fa zmluvu na krytie \u0161kody pri \u010dinnosti opr\u00e1vnenej osoby a\u017e do v\u00fd\u0161ky 100 000 \u20ac.  S oh\u013eadom na uveden\u00e9 je potrebn\u00e9 uvies\u0165, \u017ee v pr\u00edpade poru\u0161enia povinnosti v n\u00e1vrhu na z\u00e1pis uvies\u0165 pravdiv\u00e9 alebo \u00fapln\u00e9 \u00fadaje o kone\u010dnom u\u017e\u00edvate\u013eovi v\u00fdhod alebo verejn\u00fdch funkcion\u00e1roch bude zo strany s\u00fadu ulo\u017een\u00e1 partnerovi verejn\u00e9ho sektora pokuta od 10 000 \u20ac do              100 000  \u20ac . Za zaplatenie tejto pokuty ru\u010d\u00ed opr\u00e1vnen\u00e1 osoba zap\u00edsan\u00e1 v registri partnerov verejn\u00e9ho sektora v \u010dase poru\u0161enia povinnost\u00ed. Opr\u00e1vnen\u00e1 osoba nie je povinn\u00e1 zaplati\u0165 pokutu, ak preuk\u00e1\u017ee, \u017ee konala s odbornou starostlivos\u0165ou.  S oh\u013eadom na to s\u00fa partneri verejn\u00e9ho sektora povinn\u00ed ozn\u00e1mi\u0165 v\u0161etky potrebn\u00e9 inform\u00e1cie a \u017eiadne skuto\u010dnosti nezataji\u0165. Za t\u00fdmto \u00fa\u010delom vykon\u00e1vaj\u00fa partneri verejn\u00e9ho sektora pri prieskume \u0161trukt\u00fary podniku vyhl\u00e1senie, ktor\u00fdm deklaruj\u00fa pravdivos\u0165 uv\u00e1dzan\u00fdch skuto\u010dnosti. <\/p>\n\n\n\n<p>Z\u00e1pis do registra partnerov verejn\u00e9ho sektora  je nevyhnutn\u00fd pre podnikate\u013eov obchoduj\u00facich so \u0161t\u00e1tom, preto\u017ee pod\u013ea z\u00e1kona o verejnom obstar\u00e1van\u00ed nem\u00f4\u017ee verejn\u00fd obstar\u00e1vate\u013e uzavrie\u0165 zmluvu, pod\u013ea vy\u0161\u0161ie uveden\u00fdch krit\u00e9ri\u00ed, ak nie je zap\u00edsan\u00fd v registri partnerov verejn\u00e9ho sektora. Z\u00e1rove\u0148 verejn\u00fd obstar\u00e1vate\u013e rovnako m\u00f4\u017ee od zmluvy odst\u00fapi\u0165, ak podnikate\u013e nebol v \u010dase uzavretia zmluvy v tomto registri zap\u00edsan\u00fd.<\/p>\n\n\n\n<p>Pri jednotliv\u00fdch partneroch verejn\u00e9ho sektora je potrebn\u00e9 identifikova\u0165 konkr\u00e9tnych kone\u010dn\u00fdch u\u017e\u00edvate\u013eov v\u00fdhod pod\u013ea  z\u00e1kona o ochrane pred legaliz\u00e1ciou pr\u00edjmov z trestnej \u010dinnosti a o ochrane pred financovan\u00edm terorizmu a o zmene a doplnen\u00ed niektor\u00fdch z\u00e1konov.<\/p>\n\n\n\n<p>Po vykonan\u00ed z\u00e1pisu do registra partnerov verejn\u00e9ho sektora vykon\u00e1vame ka\u017edoro\u010dne overenie kone\u010dn\u00e9ho u\u017e\u00edvate\u013ea v\u00fdhod v\u017edy k 30-t\u00e9mu j\u00fanu a 31-t\u00e9mu decembru. Pred vykonan\u00ed overenia k t\u00fdmto d\u00e1tumom je ka\u017ed\u00fd partner verejn\u00e9ho sektora povinn\u00fd ozn\u00e1mi\u0165  ak\u00e9ko\u013evek zmeny, ktor\u00e9 by mali vplyv na identifik\u00e1ciu kone\u010dn\u00e9ho u\u017e\u00edvate\u013ea v\u00fdhod u partnera verejn\u00e9ho sektora. Tieto zmeny overujeme u ka\u017ed\u00e9ho klienta k tomuto d\u00e1tumu, pri\u010dom vych\u00e1dzame pri overen\u00ed mimo in\u00fdch zdrojov aj z aktu\u00e1lnych dostupn\u00fdch  verejn\u00fdch registrov a zbierky list\u00edn, ktor\u00fa vedie obchodn\u00fd register pr\u00edslu\u0161n\u00e9ho registrov\u00e9ho s\u00fadu. Pri tomto postupe postupujeme s odbornou starostlivos\u0165ou a nez\u00e1visl\u00e9 od v\u00f4le partnera verejn\u00e9ho sektora. <br>  <\/p>\n\n\n\n<h2>Pri poskytovan\u00ed pr\u00e1vnych slu\u017eieb v tejto oblasti sa zameriavame na tieto \u010dinnosti<\/h2>\n\n\n\n<p><\/p>\n\n\n\n<div class=\"wp-block-columns has-2-columns\">\n<div class=\"wp-block-column\">\n<ul><li>Podanie a pr\u00edprava podkladov k z\u00e1pisu do registra partnerov verejn\u00e9ho sektora<\/li><\/ul>\n\n\n\n<p><\/p>\n\n\n\n<ul><li>Pos\u00fadenia povinnosti z\u00e1pisu do registra partnerov verejn\u00e9ho sektora<\/li><\/ul>\n\n\n\n<p><\/p>\n\n\n\n<ul><li>Pod\u00e1vanie n\u00e1vrhov na z\u00e1pis do registra hospod\u00e1rskych subjektov<\/li><\/ul>\n\n\n\n<p><\/p>\n\n\n\n<ul><li>Zastupovanie s\u00fa\u0165a\u017eite\u013eov  v procesoch verejn\u00e9ho obstar\u00e1vania<\/li><\/ul>\n\n\n\n<p><\/p>\n<\/div>\n\n\n\n<div class=\"wp-block-column\"><\/div>\n<\/div>\n","protected":false},"excerpt":{"rendered":"<p>Vypracovanie verifika\u010dn\u00e9ho dokumentu do 24 hod\u00edn Na\u0161\u00edm klientom pon\u00fakame v jednoduch\u0161\u00edch pr\u00edpadoch pri identifik\u00e1cii kone\u010dn\u00e9ho u\u017e\u00edvate\u013ea v\u00fdhod vypracovanie verifika\u010dn\u00e9ho dokumentu do 24 hod\u00edn od doru\u010denia v\u0161etk\u00fdch dokumentov potrebn\u00fdch pre riadne vykonanie identifik\u00e1cie kone\u010dn\u00e9ho u\u017e\u00edvate\u013ea v\u00fdhod. Verifika\u010dn\u00fd dokument predstavuje komplexn\u00fd dokument, ktor\u00fdm opr\u00e1vnen\u00e1 osoba identifikuje kone\u010dn\u00e9ho u\u017e\u00edvate\u013ea v\u00fdhod u partnera verejn\u00e9ho sektora. Identifik\u00e1cia kone\u010dn\u00e9ho u\u017e\u00edvate\u013ea v\u00fdhod [&hellip;]<\/p>\n","protected":false},"author":1,"featured_media":0,"parent":0,"menu_order":7,"comment_status":"closed","ping_status":"open","template":"","meta":[],"_links":{"self":[{"href":"https:\/\/lawprotect.sk\/index.php?rest_route=\/wp\/v2\/pages\/144"}],"collection":[{"href":"https:\/\/lawprotect.sk\/index.php?rest_route=\/wp\/v2\/pages"}],"about":[{"href":"https:\/\/lawprotect.sk\/index.php?rest_route=\/wp\/v2\/types\/page"}],"author":[{"embeddable":true,"href":"https:\/\/lawprotect.sk\/index.php?rest_route=\/wp\/v2\/users\/1"}],"replies":[{"embeddable":true,"href":"https:\/\/lawprotect.sk\/index.php?rest_route=%2Fwp%2Fv2%2Fcomments&post=144"}],"version-history":[{"count":31,"href":"https:\/\/lawprotect.sk\/index.php?rest_route=\/wp\/v2\/pages\/144\/revisions"}],"predecessor-version":[{"id":12089,"href":"https:\/\/lawprotect.sk\/index.php?rest_route=\/wp\/v2\/pages\/144\/revisions\/12089"}],"wp:attachment":[{"href":"https:\/\/lawprotect.sk\/index.php?rest_route=%2Fwp%2Fv2%2Fmedia&parent=144"}],"curies":[{"name":"wp","href":"https:\/\/api.w.org\/{rel}","templated":true}]}}