{"id":382,"date":"2014-07-26T05:47:40","date_gmt":"2014-07-26T05:47:40","guid":{"rendered":"http:\/\/apicona-data.thememount.com\/?page_id=382"},"modified":"2019-03-16T18:17:50","modified_gmt":"2019-03-16T17:17:50","slug":"contact-2","status":"publish","type":"page","link":"https:\/\/lawprotect.sk\/?page_id=382","title":{"rendered":"Trestn\u00e9 pr\u00e1vo"},"content":{"rendered":"\n<h2>Pri poskytovan\u00ed pr\u00e1vnych slu\u017eieb v tejto oblasti sa zameriavame na tieto \u010dinnosti<\/h2>\n\n\n\n<div class=\"wp-block-columns has-2-columns\">\n<div class=\"wp-block-column\">\n<ul><li>Obhajoba klientov v r\u00e1mci trestn\u00e9ho konania<\/li><\/ul>\n\n\n\n<p><\/p>\n\n\n\n<ul><li>Uplat\u0148ovanie n\u00e1rokov po\u0161koden\u00fdch trestn\u00fdch \u010dinom<\/li><\/ul>\n\n\n\n<p><\/p>\n\n\n\n<ul><li>Uplat\u0148ovanie n\u00e1rokov na n\u00e1hradu \u0161kody os\u00f4b vo\u010di ktor\u00fdm bolo veden\u00e9 trestn\u00e9 konanie a boli osloboden\u00fd spod ob\u017ealoby<\/li><\/ul>\n\n\n\n<p><\/p>\n<\/div>\n\n\n\n<div class=\"wp-block-column\"><\/div>\n<\/div>\n","protected":false},"excerpt":{"rendered":"<p>Pri poskytovan\u00ed pr\u00e1vnych slu\u017eieb v tejto oblasti sa zameriavame na tieto \u010dinnosti Obhajoba klientov v r\u00e1mci trestn\u00e9ho konania Uplat\u0148ovanie n\u00e1rokov po\u0161koden\u00fdch trestn\u00fdch \u010dinom Uplat\u0148ovanie n\u00e1rokov na n\u00e1hradu \u0161kody os\u00f4b vo\u010di ktor\u00fdm bolo veden\u00e9 trestn\u00e9 konanie a boli osloboden\u00fd spod ob\u017ealoby<\/p>\n","protected":false},"author":1,"featured_media":0,"parent":0,"menu_order":8,"comment_status":"closed","ping_status":"open","template":"","meta":[],"_links":{"self":[{"href":"https:\/\/lawprotect.sk\/index.php?rest_route=\/wp\/v2\/pages\/382"}],"collection":[{"href":"https:\/\/lawprotect.sk\/index.php?rest_route=\/wp\/v2\/pages"}],"about":[{"href":"https:\/\/lawprotect.sk\/index.php?rest_route=\/wp\/v2\/types\/page"}],"author":[{"embeddable":true,"href":"https:\/\/lawprotect.sk\/index.php?rest_route=\/wp\/v2\/users\/1"}],"replies":[{"embeddable":true,"href":"https:\/\/lawprotect.sk\/index.php?rest_route=%2Fwp%2Fv2%2Fcomments&post=382"}],"version-history":[{"count":15,"href":"https:\/\/lawprotect.sk\/index.php?rest_route=\/wp\/v2\/pages\/382\/revisions"}],"predecessor-version":[{"id":11793,"href":"https:\/\/lawprotect.sk\/index.php?rest_route=\/wp\/v2\/pages\/382\/revisions\/11793"}],"wp:attachment":[{"href":"https:\/\/lawprotect.sk\/index.php?rest_route=%2Fwp%2Fv2%2Fmedia&parent=382"}],"curies":[{"name":"wp","href":"https:\/\/api.w.org\/{rel}","templated":true}]}}