{"id":582,"date":"2014-07-30T08:58:14","date_gmt":"2014-07-30T08:58:14","guid":{"rendered":"http:\/\/apicona-data.thememount.com\/?page_id=582"},"modified":"2019-09-20T10:13:40","modified_gmt":"2019-09-20T08:13:40","slug":"faq","status":"publish","type":"page","link":"https:\/\/lawprotect.sk\/?page_id=582","title":{"rendered":"Obchodn\u00e9 pr\u00e1vo a zakladanie spolo\u010dnost\u00ed"},"content":{"rendered":"\n<h2>Zalo\u017eenie spolo\u010dnosti s ru\u010den\u00edm obmedzen\u00fdch s.r.o.<\/h2>\n\n\n\n<p>Zalo\u017eenie obchodnej spolo\u010dnosti alebo z\u00edskanie \u017eivnostensk\u00e9ho opr\u00e1vnenia pre fyzick\u00fa osobu predstavuje prv\u00fd krok pri za\u010dat\u00ed podnikate\u013eskej \u010dinnosti. Zv\u00e4\u010d\u0161a sa vo\u013eba klientov zameria na zalo\u017eenie spolo\u010dnosti s ru\u010den\u00edm obmedzen\u00fdm s oh\u013eadom na to, \u017ee spolo\u010dn\u00edk ru\u010d\u00ed za z\u00e1v\u00e4zky spolo\u010dnosti len do v\u00fd\u0161ky svojho nesplaten\u00e9ho vkladu zap\u00edsan\u00e9ho v obchodnom registri.<\/p>\n\n\n\n<p style=\"text-align:left\">Pri zakladan\u00ed spolo\u010dnosti je v\u0161ak potrebn\u00e9 vyrie\u0161i\u0165 nieko\u013eko z\u00e1sadn\u00fdch ot\u00e1zok, ktor\u00e9 m\u00f4\u017eu v bud\u00facnosti garantova\u0165 pr\u00e1vnu poz\u00edciu spolo\u010dn\u00edka v spolo\u010dnostiach s viacer\u00fdmi zakladate\u013emi. V zakladaj\u00facich dokumentoch je preto potrebn\u00e9 nastavi\u0165 vz\u0165ahy medzi spolo\u010dn\u00edkmi tak, aby existovalo presn\u00e9 postavenie a garancie jasn\u00fdch poz\u00edcii v pr\u00edpade vzniku probl\u00e9mov\u00fdch situ\u00e1cii, ktor\u00e9 pri podnikate\u013eskej \u010dinnosti nastan\u00fa. <\/p>\n\n\n\n<p>Pre zalo\u017eenie spolo\u010dnosti s ru\u010den\u00edm obmedzen\u00fdm je nevyhnutn\u00e9 vypracova\u0165 zakladaj\u00face dokumenty (spolo\u010densk\u00e1 zmluva alebo zakladaj\u00faca listina). V tejto s\u00favislosti je potrebn\u00e9 pouk\u00e1za\u0165, \u017ee zakladatelia nesm\u00fa by\u0165 dl\u017en\u00edci na soci\u00e1lnom poisten\u00ed, zdravotnom poisten\u00ed \u010di daniach.<\/p>\n\n\n\n<p>Po vypracovan\u00ed zakladaj\u00facich dokumentov a ich overen\u00ed je nevyhnutn\u00e9 po\u017eiada\u0165 o vydanie \u017eivnostensk\u00e9ho opr\u00e1vnenia a poda\u0165 n\u00e1vrh na z\u00e1pis spolo\u010dnosti do obchodn\u00e9ho registra pr\u00edslu\u0161n\u00e9ho registrov\u00e9ho s\u00fadu. <\/p>\n\n\n<h2>Pri poskytovan\u00ed pr\u00e1vnych slu\u017eieb postupujeme v\u00fdhradne elektronick\u00fd za \u00fa\u010delom zn\u00ed\u017eenia s\u00fadnych poplatok v pre klientov<\/h2>\n<h2>Na\u0161e \u010dinnosti v tejto oblasti sa zameriavaj\u00fa na tieto \u010dinnosti:<\/h2>\n\n\n<div class=\"wp-block-columns has-2-columns\">\n<div class=\"wp-block-column\">\n<ul><li>Vypracovanie komplexnej dokument\u00e1cie smeruj\u00facej k zalo\u017eeniu spolo\u010dnosti s ru\u010den\u00edm obmedzen\u00fdm, akciovej spolo\u010dnosti, verejnej obchodnej spolo\u010dnosti a dru\u017estva<\/li><\/ul>\n\n\n\n<p><\/p>\n\n\n\n<ul><li>Vypracovania valn\u00fdch zhroma\u017eden\u00ed a komplexn\u00e9 poradenstvo pri riaden\u00ed spolo\u010dnosti<\/li><\/ul>\n\n\n\n<p><\/p>\n\n\n\n<ul><li>Zalo\u017eenie  ohlasovac\u00edch a vo\u013en\u00fdch \u017eivnost\u00ed <\/li><\/ul>\n\n\n\n<p><\/p>\n\n\n\n<ul><li>Poradenstvo s\u00favisiace so spr\u00e1vnym v\u00fdberom formy podnikania<\/li><\/ul>\n\n\n\n<ul><li>Zastupovanie klientov v r\u00e1mci procesu kontrahovania zmluvn\u00fdch vz\u0165ahov s ich obchodn\u00fdmi partnermi<\/li><\/ul>\n\n\n\n<ul><li>Zastupovanie podnikate\u013eov v s\u00fadnom konan\u00ed, spr\u00e1vnom konan\u00ed alebo inom konan\u00ed<\/li><\/ul>\n\n\n\n<ul><li>Konzult\u00e1cie podnikate\u013eom v r\u00e1mci pr\u00edpravy investi\u010dn\u00fdch projektov<\/li><\/ul>\n<\/div>\n\n\n\n<div class=\"wp-block-column\">\n<p><\/p>\n<\/div>\n<\/div>\n\n\n\n<p><\/p>\n\n\n\n<div class=\"wp-block-columns has-2-columns\">\n<div class=\"wp-block-column\">\n<p><\/p>\n<\/div>\n\n\n\n<div class=\"wp-block-column\"><\/div>\n<\/div>\n\n\n\n<div class=\"wp-block-columns has-2-columns\">\n<div class=\"wp-block-column\"><\/div>\n\n\n\n<div class=\"wp-block-column\"><\/div>\n<\/div>\n","protected":false},"excerpt":{"rendered":"<p>Zalo\u017eenie spolo\u010dnosti s ru\u010den\u00edm obmedzen\u00fdch s.r.o. Zalo\u017eenie obchodnej spolo\u010dnosti alebo z\u00edskanie \u017eivnostensk\u00e9ho opr\u00e1vnenia pre fyzick\u00fa osobu predstavuje prv\u00fd krok pri za\u010dat\u00ed podnikate\u013eskej \u010dinnosti. Zv\u00e4\u010d\u0161a sa vo\u013eba klientov zameria na zalo\u017eenie spolo\u010dnosti s ru\u010den\u00edm obmedzen\u00fdm s oh\u013eadom na to, \u017ee spolo\u010dn\u00edk ru\u010d\u00ed za z\u00e1v\u00e4zky spolo\u010dnosti len do v\u00fd\u0161ky svojho nesplaten\u00e9ho vkladu zap\u00edsan\u00e9ho v obchodnom registri. Pri [&hellip;]<\/p>\n","protected":false},"author":1,"featured_media":0,"parent":0,"menu_order":10,"comment_status":"closed","ping_status":"open","template":"","meta":[],"_links":{"self":[{"href":"https:\/\/lawprotect.sk\/index.php?rest_route=\/wp\/v2\/pages\/582"}],"collection":[{"href":"https:\/\/lawprotect.sk\/index.php?rest_route=\/wp\/v2\/pages"}],"about":[{"href":"https:\/\/lawprotect.sk\/index.php?rest_route=\/wp\/v2\/types\/page"}],"author":[{"embeddable":true,"href":"https:\/\/lawprotect.sk\/index.php?rest_route=\/wp\/v2\/users\/1"}],"replies":[{"embeddable":true,"href":"https:\/\/lawprotect.sk\/index.php?rest_route=%2Fwp%2Fv2%2Fcomments&post=582"}],"version-history":[{"count":99,"href":"https:\/\/lawprotect.sk\/index.php?rest_route=\/wp\/v2\/pages\/582\/revisions"}],"predecessor-version":[{"id":12002,"href":"https:\/\/lawprotect.sk\/index.php?rest_route=\/wp\/v2\/pages\/582\/revisions\/12002"}],"wp:attachment":[{"href":"https:\/\/lawprotect.sk\/index.php?rest_route=%2Fwp%2Fv2%2Fmedia&parent=582"}],"curies":[{"name":"wp","href":"https:\/\/api.w.org\/{rel}","templated":true}]}}