{"id":6053,"date":"2015-09-19T07:13:00","date_gmt":"2015-09-19T07:13:00","guid":{"rendered":"http:\/\/digitallaw-data.thememountdemo.com\/?page_id=6053"},"modified":"2022-02-10T16:53:53","modified_gmt":"2022-02-10T15:53:53","slug":"home-version-2","status":"publish","type":"page","link":"https:\/\/lawprotect.sk\/","title":{"rendered":""},"content":{"rendered":"\n<h2 class=\"has-text-align-center\"><\/h2>\n\n\n\n<p><\/p>\n\n\n<h3 style=\"text-align: center;\"><span style=\"color: #000000;\"><em>&#8222;Z\u00e1kladom na\u0161ich pr\u00e1vnych slu\u017eieb je nielen poznanie pr\u00e1vnych predpisov a rozhodnut\u00ed najvy\u0161\u0161\u00edch s\u00fadnych in\u0161tanci\u00ed, ale aj vytv\u00e1ranie vz\u00e1jomnej d\u00f4very.&#8220;<\/em><\/span><\/h3>\n\n\n<div style=\"height:21px\" aria-hidden=\"true\" class=\"wp-block-spacer\"><\/div>\n\n\n\n<div style=\"height:20px\" aria-hidden=\"true\" class=\"wp-block-spacer\"><\/div>\n\n\n\n<h2 id=\"mce_3\">Na\u0161e zameranie<\/h2>\n\n\n\n<blockquote class=\"wp-block-quote\"><p>Na\u0161a advok\u00e1tska kancel\u00e1ria poskytuje licencovan\u00e9 pr\u00e1vne slu\u017eby v  r\u00e1mci cel\u00e9ho spektra pr\u00e1vnych vz\u0165ahov, \u010di u\u017e je to ob\u010dianske, pracovn\u00e9 alebo obchodn\u00e9 pr\u00e1vo. <\/p><p>Rovnako poskytujeme slu\u017ebu z\u00e1pisu do registra partnerov verejn\u00e9ho sektora, kde vykon\u00e1vame funkciu opr\u00e1vnenej osoby.  <\/p><\/blockquote>\n\n\n\n<blockquote class=\"wp-block-quote\"><p>Na\u0161\u00edm cie\u013eom pri poskytovan\u00ed pr\u00e1vnych slu\u017eieb je znalos\u0165 v\u017edy najlep\u0161\u00ed z\u00e1ujem klienta, ktor\u00fd je prioritn\u00fd.  <\/p><p>Pri poskytovan\u00ed pr\u00e1vnych slu\u017eieb postupujeme v\u00fdhradne elektronicky v z\u00e1ujme r\u00fdchlosti a minimaliz\u00e1cie n\u00e1kladov na\u0161ich klientov.<\/p><\/blockquote>\n\n\n\n<div class=\"wp-block-columns has-2-columns\">\n<div class=\"wp-block-column\"><\/div>\n\n\n\n<div class=\"wp-block-column\"><\/div>\n<\/div>\n\n\n\n<div class=\"wp-block-columns has-2-columns\">\n<div class=\"wp-block-column\"><\/div>\n\n\n\n<div class=\"wp-block-column\"><\/div>\n<\/div>\n\n\n<p><!-- Global site tag (gtag.js) - Google Analytics --><br>\n<script async=\"\" src=\"https:\/\/www.googletagmanager.com\/gtag\/js?id=UA-148468854-1\"><\/script><br>\n<script><br \/>\n  window.dataLayer = window.dataLayer || [];<br \/>\n  function gtag(){dataLayer.push(arguments);}<br \/>\n  gtag('js', new Date());<\/p>\n<p>  gtag('config', 'UA-148468854-1');<br \/>\n<\/script><\/p>","protected":false},"excerpt":{"rendered":"<p>&#8222;Z\u00e1kladom na\u0161ich pr\u00e1vnych slu\u017eieb je nielen poznanie pr\u00e1vnych predpisov a rozhodnut\u00ed najvy\u0161\u0161\u00edch s\u00fadnych in\u0161tanci\u00ed, ale aj vytv\u00e1ranie vz\u00e1jomnej d\u00f4very.&#8220; Na\u0161e zameranie Na\u0161a advok\u00e1tska kancel\u00e1ria poskytuje licencovan\u00e9 pr\u00e1vne slu\u017eby v r\u00e1mci cel\u00e9ho spektra pr\u00e1vnych vz\u0165ahov, \u010di u\u017e je to ob\u010dianske, pracovn\u00e9 alebo obchodn\u00e9 pr\u00e1vo. Rovnako poskytujeme slu\u017ebu z\u00e1pisu do registra partnerov verejn\u00e9ho sektora, kde vykon\u00e1vame funkciu [&hellip;]<\/p>\n","protected":false},"author":1,"featured_media":0,"parent":0,"menu_order":3,"comment_status":"closed","ping_status":"open","template":"","meta":[],"_links":{"self":[{"href":"https:\/\/lawprotect.sk\/index.php?rest_route=\/wp\/v2\/pages\/6053"}],"collection":[{"href":"https:\/\/lawprotect.sk\/index.php?rest_route=\/wp\/v2\/pages"}],"about":[{"href":"https:\/\/lawprotect.sk\/index.php?rest_route=\/wp\/v2\/types\/page"}],"author":[{"embeddable":true,"href":"https:\/\/lawprotect.sk\/index.php?rest_route=\/wp\/v2\/users\/1"}],"replies":[{"embeddable":true,"href":"https:\/\/lawprotect.sk\/index.php?rest_route=%2Fwp%2Fv2%2Fcomments&post=6053"}],"version-history":[{"count":58,"href":"https:\/\/lawprotect.sk\/index.php?rest_route=\/wp\/v2\/pages\/6053\/revisions"}],"predecessor-version":[{"id":12102,"href":"https:\/\/lawprotect.sk\/index.php?rest_route=\/wp\/v2\/pages\/6053\/revisions\/12102"}],"wp:attachment":[{"href":"https:\/\/lawprotect.sk\/index.php?rest_route=%2Fwp%2Fv2%2Fmedia&parent=6053"}],"curies":[{"name":"wp","href":"https:\/\/api.w.org\/{rel}","templated":true}]}}