{"id":8682,"date":"2015-12-12T11:23:50","date_gmt":"2015-12-12T11:23:50","guid":{"rendered":"http:\/\/digitallaw-data.thememountdemo.com\/?page_id=8682"},"modified":"2019-09-19T23:46:18","modified_gmt":"2019-09-19T21:46:18","slug":"appointments","status":"publish","type":"page","link":"https:\/\/lawprotect.sk\/?page_id=8682","title":{"rendered":"Vym\u00e1hanie poh\u013ead\u00e1vok"},"content":{"rendered":"\n<h2><strong>Vym\u00e1hanie poh\u013ead\u00e1vok predstavuje prim\u00e1rne zameranie na\u0161ej advok\u00e1tskej kancel\u00e1rie  <\/strong><\/h2>\n\n\n\n<p>Na\u0161a advok\u00e1tska kancel\u00e1ria sa zameriava na vym\u00e1hanie poh\u013ead\u00e1vok \u010di u\u017e podnikate\u013eov alebo fyzick\u00fdch os\u00f4b. Pritom vyu\u017e\u00edvame aj alternat\u00edvy s\u00fadnych konan\u00ed. Pri vym\u00e1han\u00ed postupujeme so zameran\u00edm na efekt\u00edvnos\u0165 a zn\u00ed\u017eenie n\u00e1kladov v pr\u00edpade s\u00fadneho vym\u00e1hania. <\/p>\n\n\n\n<p>Vym\u00e1hanie jednotliv\u00fdch poh\u013ead\u00e1vok je sledovan\u00e9  prostredn\u00edctvom elektronick\u00e9ho s\u00fadneho spisu, ktor\u00fd predstavuje objekt\u00edvny obraz o prebiehaj\u00facom s\u00fadnom procese.<\/p>\n\n\n\n<p>Pri vym\u00e1han\u00ed s\u00fadnych poh\u013ead\u00e1vok postupujeme v\u00fdhradne elektronicky. <\/p>\n\n\n\n<p><\/p>\n\n\n\n<p><\/p>\n","protected":false},"excerpt":{"rendered":"<p>Vym\u00e1hanie poh\u013ead\u00e1vok predstavuje prim\u00e1rne zameranie na\u0161ej advok\u00e1tskej kancel\u00e1rie Na\u0161a advok\u00e1tska kancel\u00e1ria sa zameriava na vym\u00e1hanie poh\u013ead\u00e1vok \u010di u\u017e podnikate\u013eov alebo fyzick\u00fdch os\u00f4b. Pritom vyu\u017e\u00edvame aj alternat\u00edvy s\u00fadnych konan\u00ed. Pri vym\u00e1han\u00ed postupujeme so zameran\u00edm na efekt\u00edvnos\u0165 a zn\u00ed\u017eenie n\u00e1kladov v pr\u00edpade s\u00fadneho vym\u00e1hania. Vym\u00e1hanie jednotliv\u00fdch poh\u013ead\u00e1vok je sledovan\u00e9 prostredn\u00edctvom elektronick\u00e9ho s\u00fadneho spisu, ktor\u00fd predstavuje objekt\u00edvny obraz [&hellip;]<\/p>\n","protected":false},"author":1,"featured_media":0,"parent":0,"menu_order":9,"comment_status":"closed","ping_status":"closed","template":"","meta":[],"_links":{"self":[{"href":"https:\/\/lawprotect.sk\/index.php?rest_route=\/wp\/v2\/pages\/8682"}],"collection":[{"href":"https:\/\/lawprotect.sk\/index.php?rest_route=\/wp\/v2\/pages"}],"about":[{"href":"https:\/\/lawprotect.sk\/index.php?rest_route=\/wp\/v2\/types\/page"}],"author":[{"embeddable":true,"href":"https:\/\/lawprotect.sk\/index.php?rest_route=\/wp\/v2\/users\/1"}],"replies":[{"embeddable":true,"href":"https:\/\/lawprotect.sk\/index.php?rest_route=%2Fwp%2Fv2%2Fcomments&post=8682"}],"version-history":[{"count":20,"href":"https:\/\/lawprotect.sk\/index.php?rest_route=\/wp\/v2\/pages\/8682\/revisions"}],"predecessor-version":[{"id":11980,"href":"https:\/\/lawprotect.sk\/index.php?rest_route=\/wp\/v2\/pages\/8682\/revisions\/11980"}],"wp:attachment":[{"href":"https:\/\/lawprotect.sk\/index.php?rest_route=%2Fwp%2Fv2%2Fmedia&parent=8682"}],"curies":[{"name":"wp","href":"https:\/\/api.w.org\/{rel}","templated":true}]}}